{"id":6,"date":"2021-03-27T22:55:41","date_gmt":"2021-03-27T21:55:41","guid":{"rendered":"https:\/\/inzidenz-deutschland.de\/?page_id=6"},"modified":"2021-04-19T22:15:52","modified_gmt":"2021-04-19T20:15:52","slug":"inzidenz-deutschland","status":"publish","type":"page","link":"https:\/\/inzidenz-deutschland.de\/","title":{"rendered":"Inzidenz-Deutschland"},"content":{"rendered":"\n<h6 class=\"has-text-align-center wp-block-heading\"><span class=\"has-inline-color has-red-color\">Angaben zur tagesaktuellen Inzidenz k\u00f6nnen Sie etwas weiter unten finden<\/span><\/h6>\n\n\n\n<div class=\"wp-block-image\"><figure class=\"alignleft size-large is-resized\"><img loading=\"lazy\" decoding=\"async\" src=\"https:\/\/inzidenz-deutschland.de\/wp-content\/uploads\/2021\/03\/Mikroskop-fuer-Haenger-996x1024.png\" alt=\"\" class=\"wp-image-67\" width=\"448\" height=\"461\" srcset=\"https:\/\/inzidenz-deutschland.de\/wp-content\/uploads\/2021\/03\/Mikroskop-fuer-Haenger-996x1024.png 996w, https:\/\/inzidenz-deutschland.de\/wp-content\/uploads\/2021\/03\/Mikroskop-fuer-Haenger-292x300.png 292w, https:\/\/inzidenz-deutschland.de\/wp-content\/uploads\/2021\/03\/Mikroskop-fuer-Haenger-768x789.png 768w, https:\/\/inzidenz-deutschland.de\/wp-content\/uploads\/2021\/03\/Mikroskop-fuer-Haenger-1495x1536.png 1495w, https:\/\/inzidenz-deutschland.de\/wp-content\/uploads\/2021\/03\/Mikroskop-fuer-Haenger-1868x1920.png 1868w\" sizes=\"auto, (max-width: 448px) 100vw, 448px\" \/><\/figure><\/div>\n\n\n\n<h2 class=\"wp-block-heading\">Dunkelfeldmikroskope sind hervorragend geeignet um virale Auff\u00e4lligkeiten im Blut zu erkennen<\/h2>\n\n\n\n<figure class=\"wp-block-gallery columns-3 is-cropped wp-block-gallery-1 is-layout-flex wp-block-gallery-is-layout-flex\"><ul class=\"blocks-gallery-grid\"><li class=\"blocks-gallery-item\"><figure><img loading=\"lazy\" decoding=\"async\" width=\"889\" height=\"1024\" src=\"https:\/\/inzidenz-deutschland.de\/wp-content\/uploads\/2021\/03\/normaler-Lymphozyt-889x1024.jpg\" alt=\"\" data-id=\"79\" data-full-url=\"https:\/\/inzidenz-deutschland.de\/wp-content\/uploads\/2021\/03\/normaler-Lymphozyt.jpg\" data-link=\"https:\/\/inzidenz-deutschland.de\/?attachment_id=79\" class=\"wp-image-79\" srcset=\"https:\/\/inzidenz-deutschland.de\/wp-content\/uploads\/2021\/03\/normaler-Lymphozyt-889x1024.jpg 889w, https:\/\/inzidenz-deutschland.de\/wp-content\/uploads\/2021\/03\/normaler-Lymphozyt-260x300.jpg 260w, https:\/\/inzidenz-deutschland.de\/wp-content\/uploads\/2021\/03\/normaler-Lymphozyt-768x885.jpg 768w, https:\/\/inzidenz-deutschland.de\/wp-content\/uploads\/2021\/03\/normaler-Lymphozyt.jpg 1317w\" sizes=\"auto, (max-width: 889px) 100vw, 889px\" \/><figcaption class=\"blocks-gallery-item__caption\">&#8220;Normaler&#8221; Lymphozyt<\/figcaption><\/figure><\/li><li class=\"blocks-gallery-item\"><figure><img loading=\"lazy\" decoding=\"async\" width=\"888\" height=\"1024\" src=\"https:\/\/inzidenz-deutschland.de\/wp-content\/uploads\/2021\/03\/LGL-Lymphozyt1-1-888x1024.jpg\" alt=\"\" data-id=\"91\" data-full-url=\"https:\/\/inzidenz-deutschland.de\/wp-content\/uploads\/2021\/03\/LGL-Lymphozyt1-1.jpg\" data-link=\"https:\/\/inzidenz-deutschland.de\/?attachment_id=91\" class=\"wp-image-91\" srcset=\"https:\/\/inzidenz-deutschland.de\/wp-content\/uploads\/2021\/03\/LGL-Lymphozyt1-1-888x1024.jpg 888w, https:\/\/inzidenz-deutschland.de\/wp-content\/uploads\/2021\/03\/LGL-Lymphozyt1-1-260x300.jpg 260w, https:\/\/inzidenz-deutschland.de\/wp-content\/uploads\/2021\/03\/LGL-Lymphozyt1-1-768x885.jpg 768w, https:\/\/inzidenz-deutschland.de\/wp-content\/uploads\/2021\/03\/LGL-Lymphozyt1-1.jpg 1316w\" sizes=\"auto, (max-width: 888px) 100vw, 888px\" \/><figcaption class=\"blocks-gallery-item__caption\">LGL Lymphozyt<\/figcaption><\/figure><\/li><li class=\"blocks-gallery-item\"><figure><img loading=\"lazy\" decoding=\"async\" width=\"890\" height=\"1024\" src=\"https:\/\/inzidenz-deutschland.de\/wp-content\/uploads\/2021\/03\/Monozyt-im-Vergleich-zum-Monozyten-890x1024.jpg\" alt=\"\" data-id=\"78\" data-full-url=\"https:\/\/inzidenz-deutschland.de\/wp-content\/uploads\/2021\/03\/Monozyt-im-Vergleich-zum-Monozyten.jpg\" data-link=\"https:\/\/inzidenz-deutschland.de\/?attachment_id=78\" class=\"wp-image-78\" srcset=\"https:\/\/inzidenz-deutschland.de\/wp-content\/uploads\/2021\/03\/Monozyt-im-Vergleich-zum-Monozyten-890x1024.jpg 890w, https:\/\/inzidenz-deutschland.de\/wp-content\/uploads\/2021\/03\/Monozyt-im-Vergleich-zum-Monozyten-261x300.jpg 261w, https:\/\/inzidenz-deutschland.de\/wp-content\/uploads\/2021\/03\/Monozyt-im-Vergleich-zum-Monozyten-768x884.jpg 768w, https:\/\/inzidenz-deutschland.de\/wp-content\/uploads\/2021\/03\/Monozyt-im-Vergleich-zum-Monozyten.jpg 1317w\" sizes=\"auto, (max-width: 890px) 100vw, 890px\" \/><figcaption class=\"blocks-gallery-item__caption\">Monozyt<\/figcaption><\/figure><\/li><\/ul><\/figure>\n\n\n\n<h5 class=\"wp-block-heading\">Wie erkennt man diese Auff\u00e4lligkeiten?<\/h5>\n\n\n\n<p class=\"has-text-align-left\">Bei viralen Belastungen (Infektionen) wird ein bestimmter Typ von Blutzellen vermehrt gebildet. Diese Zellart geh\u00f6rt zu den Lymphozyten, die im Blut immer vorhanden sind. Im Falle einer viralen Infektion wird ein Teil der Lymphozyten gr\u00f6\u00dfer als normal gebildet. Dieser spezielle Lymphozyt wird LGL-Zelle (Large Granular Lymphocyte) oder auch passenderweise Virozyt genannt. Wenn diese Zellart vermehrt im Blut auftaucht, dann liegt sehr h\u00e4ufig eine virale Belastung vor. Je mehr von den Virozyten auftreten, um so h\u00f6her ist die virale Last. Es kann zwar nicht unter den Viren differenziert werden, aber die Information, dass ein virales Geschehen im Organismus stattfindet, hat seit \u00fcber einem Jahr eine besondere Bedeutung bekommen. Dieser Zelltypus sieht einer anderen Zellart, den Monozyten sehr \u00e4hnlich und sollte nicht mit diesem verwechselt werden. Im rechten Bild ist diese Zellart abgebildet. In unseren Ausbildungsseminaren kann man diese Differenzierung und die weitere Erkennung von Auff\u00e4lligkeiten erlernen.<\/p>\n\n\n\n<p class=\"has-text-align-left\">Um LGL Zellen einfach erkennen zu k\u00f6nnen, ist ein Dunkelfeldmikroskop hervorragend geeignet. Die Bedienung der Technik ist auch f\u00fcr Laien in sehr kurzer Zeit erlernbar. Wir bauen unsere Mikroskope zum gro\u00dfen Teil in Deutschland selbst und bieten seit \u00fcber zehn Jahren entsprechende Ausbildungsseminare an. Bislang haben wir \u00fcber 1300 Teilnehmer begr\u00fc\u00dfen d\u00fcrfen.<\/p>\n\n\n\n<div class=\"wp-block-columns is-layout-flex wp-container-core-columns-is-layout-9d6595d7 wp-block-columns-is-layout-flex\">\n<div class=\"wp-block-column is-layout-flow wp-block-column-is-layout-flow\">\n<p>\u00dcber diesen Link k\u00f6nnen Sie professionelle Dunkelfeldmikroskope zur Blutuntersuchung finden.  <br><a rel=\"noreferrer noopener\" href=\"http:\/\/dunkelfeld-mikroskope.de\/\" target=\"_blank\">dunkelfeld-mikroskope.de<\/a><\/p>\n<\/div>\n\n\n\n<div class=\"wp-block-column is-layout-flow wp-block-column-is-layout-flow\">\n<p>\u00dcber diesen Link gelangen Sie auf die Seite des Dunkelfeldausbildungszentrums.<br><a rel=\"noreferrer noopener\" href=\"http:\/\/dunkelfeldausbildungszentrum.de\/\" target=\"_blank\">dunkelfeldausbildungszentrum.de<\/a><\/p>\n<\/div>\n<\/div>\n\n\n\n<hr class=\"wp-block-separator alignfull is-style-wide\"\/>\n\n\n\n<h2 class=\"has-text-align-center wp-block-heading\">Hier sind die aktuellen inzidenzwerte f\u00fcr deutschland aufgef\u00fchrt<\/h2>\n\n\n\n<iframe scrolling=\"no\" style=\"height: 750px;width:1200px\" src=\"https:\/\/esri.de\/corona\" frameborder=\"0\"><\/iframe>\n\n\n\n<div class=\"wp-block-columns is-layout-flex wp-container-core-columns-is-layout-9d6595d7 wp-block-columns-is-layout-flex\">\n<div class=\"wp-block-column is-layout-flow wp-block-column-is-layout-flow\" style=\"flex-basis:100%\"><\/div>\n<\/div>\n\n\n\n<p><\/p>\n","protected":false},"excerpt":{"rendered":"<p>Angaben zur tagesaktuellen Inzidenz k\u00f6nnen Sie etwas weiter unten finden Dunkelfeldmikroskope sind hervorragend geeignet um virale Auff\u00e4lligkeiten im Blut zu erkennen Wie erkennt man diese Auff\u00e4lligkeiten? Bei viralen Belastungen (Infektionen) wird ein bestimmter Typ von Blutzellen vermehrt gebildet. Diese Zellart geh\u00f6rt zu den Lymphozyten, die im Blut immer vorhanden sind. Im Falle einer viralen Infektion [&hellip;]<\/p>\n","protected":false},"author":1,"featured_media":0,"parent":0,"menu_order":0,"comment_status":"closed","ping_status":"closed","template":"","meta":{"footnotes":""},"class_list":["post-6","page","type-page","status-publish","hentry"],"_links":{"self":[{"href":"https:\/\/inzidenz-deutschland.de\/index.php?rest_route=\/wp\/v2\/pages\/6","targetHints":{"allow":["GET"]}}],"collection":[{"href":"https:\/\/inzidenz-deutschland.de\/index.php?rest_route=\/wp\/v2\/pages"}],"about":[{"href":"https:\/\/inzidenz-deutschland.de\/index.php?rest_route=\/wp\/v2\/types\/page"}],"author":[{"embeddable":true,"href":"https:\/\/inzidenz-deutschland.de\/index.php?rest_route=\/wp\/v2\/users\/1"}],"replies":[{"embeddable":true,"href":"https:\/\/inzidenz-deutschland.de\/index.php?rest_route=%2Fwp%2Fv2%2Fcomments&post=6"}],"version-history":[{"count":34,"href":"https:\/\/inzidenz-deutschland.de\/index.php?rest_route=\/wp\/v2\/pages\/6\/revisions"}],"predecessor-version":[{"id":120,"href":"https:\/\/inzidenz-deutschland.de\/index.php?rest_route=\/wp\/v2\/pages\/6\/revisions\/120"}],"wp:attachment":[{"href":"https:\/\/inzidenz-deutschland.de\/index.php?rest_route=%2Fwp%2Fv2%2Fmedia&parent=6"}],"curies":[{"name":"wp","href":"https:\/\/api.w.org\/{rel}","templated":true}]}}